{"id":55,"date":"2025-08-12T02:56:32","date_gmt":"2025-08-12T02:56:32","guid":{"rendered":"https:\/\/elevidesk.com\/?page_id=55"},"modified":"2025-11-07T08:02:52","modified_gmt":"2025-11-07T08:02:52","slug":"blogs","status":"publish","type":"page","link":"http:\/\/www.elevidesk.com\/pt\/blogs\/","title":{"rendered":"Blogs"},"content":{"rendered":"<div data-elementor-type=\"wp-page\" data-elementor-id=\"55\" class=\"elementor elementor-55\" data-elementor-settings=\"{&quot;element_pack_global_tooltip_width&quot;:{&quot;unit&quot;:&quot;px&quot;,&quot;size&quot;:&quot;&quot;,&quot;sizes&quot;:[]},&quot;element_pack_global_tooltip_width_tablet&quot;:{&quot;unit&quot;:&quot;px&quot;,&quot;size&quot;:&quot;&quot;,&quot;sizes&quot;:[]},&quot;element_pack_global_tooltip_width_mobile&quot;:{&quot;unit&quot;:&quot;px&quot;,&quot;size&quot;:&quot;&quot;,&quot;sizes&quot;:[]},&quot;element_pack_global_tooltip_padding&quot;:{&quot;unit&quot;:&quot;px&quot;,&quot;top&quot;:&quot;&quot;,&quot;right&quot;:&quot;&quot;,&quot;bottom&quot;:&quot;&quot;,&quot;left&quot;:&quot;&quot;,&quot;isLinked&quot;:true},&quot;element_pack_global_tooltip_padding_tablet&quot;:{&quot;unit&quot;:&quot;px&quot;,&quot;top&quot;:&quot;&quot;,&quot;right&quot;:&quot;&quot;,&quot;bottom&quot;:&quot;&quot;,&quot;left&quot;:&quot;&quot;,&quot;isLinked&quot;:true},&quot;element_pack_global_tooltip_padding_mobile&quot;:{&quot;unit&quot;:&quot;px&quot;,&quot;top&quot;:&quot;&quot;,&quot;right&quot;:&quot;&quot;,&quot;bottom&quot;:&quot;&quot;,&quot;left&quot;:&quot;&quot;,&quot;isLinked&quot;:true},&quot;element_pack_global_tooltip_border_radius&quot;:{&quot;unit&quot;:&quot;px&quot;,&quot;top&quot;:&quot;&quot;,&quot;right&quot;:&quot;&quot;,&quot;bottom&quot;:&quot;&quot;,&quot;left&quot;:&quot;&quot;,&quot;isLinked&quot;:true},&quot;element_pack_global_tooltip_border_radius_tablet&quot;:{&quot;unit&quot;:&quot;px&quot;,&quot;top&quot;:&quot;&quot;,&quot;right&quot;:&quot;&quot;,&quot;bottom&quot;:&quot;&quot;,&quot;left&quot;:&quot;&quot;,&quot;isLinked&quot;:true},&quot;element_pack_global_tooltip_border_radius_mobile&quot;:{&quot;unit&quot;:&quot;px&quot;,&quot;top&quot;:&quot;&quot;,&quot;right&quot;:&quot;&quot;,&quot;bottom&quot;:&quot;&quot;,&quot;left&quot;:&quot;&quot;,&quot;isLinked&quot;:true}}\" data-elementor-post-type=\"page\">\n\t\t\t\t<div class=\"elementor-element elementor-element-7477c95 e-flex e-con-boxed e-con e-parent\" data-id=\"7477c95\" data-element_type=\"container\" data-settings=\"{&quot;background_background&quot;:&quot;classic&quot;,&quot;shape_divider_bottom&quot;:&quot;triangle&quot;}\">\n\t\t\t\t\t<div class=\"e-con-inner\">\n\t\t\t\t<div class=\"elementor-shape elementor-shape-bottom\" aria-hidden=\"true\" data-negative=\"false\">\n\t\t\t<svg xmlns=\"http:\/\/www.w3.org\/2000\/svg\" viewbox=\"0 0 1000 100\" preserveaspectratio=\"none\">\n\t<path class=\"elementor-shape-fill\" d=\"M500,98.9L0,6.1V0h1000v6.1L500,98.9z\"\/>\n<\/svg>\t\t<\/div>\n\t\t<div class=\"elementor-element elementor-element-2e7c168 e-con-full e-flex e-con e-child\" data-id=\"2e7c168\" data-element_type=\"container\">\n\t\t\t\t<div class=\"elementor-element elementor-element-dc70d50 elementor-widget elementor-widget-heading\" data-id=\"dc70d50\" data-element_type=\"widget\" data-widget_type=\"heading.default\">\n\t\t\t\t<div class=\"elementor-widget-container\">\n\t\t\t\t\t<h1 class=\"elementor-heading-title elementor-size-default\">Blogs<\/h1>\t\t\t\t<\/div>\n\t\t\t\t<\/div>\n\t\t\t\t<div class=\"elementor-element elementor-element-042cb1e elementor-widget elementor-widget-pp-breadcrumbs\" data-id=\"042cb1e\" data-element_type=\"widget\" data-settings=\"{&quot;breadcrumbs_type&quot;:&quot;seopress&quot;}\" data-widget_type=\"pp-breadcrumbs.default\">\n\t\t\t\t<div class=\"elementor-widget-container\">\n\t\t\t\t\t\t\t\t\t<div class=\"pp-breadcrumbs pp-breadcrumbs-seopress\">\n\t\t\t\t\t<nav  aria-label=\"migalhas de p\u00e3o\"><ol class=\"breadcrumb\" itemscope itemtype=\"https:\/\/schema.org\/BreadcrumbList\"><li class=\"breadcrumb-item active\" aria-current=\"page\" itemprop=\"itemListElement\" itemscope itemtype=\"https:\/\/schema.org\/ListItem\"><span itemprop=\"name\">In\u00edcio<\/span><meta itemprop=\"position\" content=\"1\"><\/li><\/ol><\/nav>\t\t\t\t<\/div>\n\t\t\t\t\t\t\t\t<\/div>\n\t\t\t\t<\/div>\n\t\t\t\t<\/div>\n\t\t\t\t\t<\/div>\n\t\t\t\t<\/div>\n\t\t<div class=\"elementor-element elementor-element-a83433c e-flex e-con-boxed e-con e-parent\" data-id=\"a83433c\" data-element_type=\"container\">\n\t\t\t\t\t<div class=\"e-con-inner\">\n\t\t<div class=\"elementor-element elementor-element-1a07720 e-con-full e-flex e-con e-child\" data-id=\"1a07720\" data-element_type=\"container\">\n\t\t\t\t<div class=\"elementor-element elementor-element-f5b8317 elementor-grid-3 elementor-grid-tablet-2 elementor-grid-mobile-1 elementor-widget elementor-widget-pp-posts\" data-id=\"f5b8317\" data-element_type=\"widget\" data-widget_type=\"pp-posts.classic\">\n\t\t\t\t<div class=\"elementor-widget-container\">\n\t\t\t\t\t\t\t\t<div class=\"pp-posts-container\">\n\t\t\t\t\t<div class=\"pp-posts-empty\">\n\t\t\t\t\t\t\t<p>Parece que n\u00e3o conseguimos&#039;encontrar o que voc\u00ea&#039;est\u00e1 procurando.<\/p>\n\t\t\t\n\t\t\t\t\t<\/div>\n\t\t\t\t\t<\/div>\n\t\t\t\t\t\t\t<\/div>\n\t\t\t\t<\/div>\n\t\t\t\t<\/div>\n\t\t\t\t\t<\/div>\n\t\t\t\t<\/div>\n\t\t\t\t<\/div>","protected":false},"excerpt":{"rendered":"<p>P\u00e1gina inicial Sociis natoque penatibus et magnis dis parturient4 28 de setembro de 2025 Aenean euismod bibendum laoreet Lorem ipsum dolor sit amet, consectetur adipiscing elit. Aenean euismod bibendum laoreet. ... Aenean euismod bibendum laoreet September 16, 2025 Aenean euismod bibendum laoreet Aenean euismod bibendum laoreet Lorem ipsum dolor sit amet, consectetur adipiscing elit. ... Aenean euismod bibendum [...]<\/p>","protected":false},"author":4,"featured_media":0,"parent":0,"menu_order":17,"comment_status":"closed","ping_status":"closed","template":"","meta":{"_acf_changed":false,"_seopress_robots_primary_cat":"","_seopress_titles_title":"SH Blog: Standing Desk Solutions & Expert Insights","_seopress_titles_desc":"Explore our expert blog covering standing desk trends, technical guidance, product innovations, and industry updates.","_seopress_robots_index":"","footnotes":""},"class_list":["post-55","page","type-page","status-publish","hentry"],"acf":[],"yoast_head":"<!-- This site is optimized with the Yoast SEO plugin v26.4 - https:\/\/yoast.com\/wordpress\/plugins\/seo\/ -->\n<title>Blogs - shenghua<\/title>\n<meta name=\"robots\" content=\"index, follow, max-snippet:-1, max-image-preview:large, max-video-preview:-1\" \/>\n<link rel=\"canonical\" href=\"http:\/\/www.elevidesk.com\/pt\/blogs\/\" \/>\n<meta property=\"og:locale\" content=\"pt_BR\" \/>\n<meta property=\"og:type\" content=\"article\" \/>\n<meta property=\"og:title\" content=\"Blogs - shenghua\" \/>\n<meta property=\"og:description\" content=\"Home Sociis natoque penatibus et magnis dis parturient4 September 28, 2025 Aenean euismod bibendum laoreet Lorem ipsum dolor sit amet, consectetur adipiscing elit. Aenean euismod bibendum laoreet. &#8230; Aenean euismod bibendum laoreet September 16, 2025 Aenean euismod bibendum laoreet Aenean euismod bibendum laoreet Lorem ipsum dolor sit amet, consectetur adipiscing elit. &#8230; Aenean euismod bibendum [&hellip;]\" \/>\n<meta property=\"og:url\" content=\"http:\/\/www.elevidesk.com\/pt\/blogs\/\" \/>\n<meta property=\"og:site_name\" content=\"shenghua\" \/>\n<meta property=\"article:modified_time\" content=\"2025-11-07T08:02:52+00:00\" \/>\n<meta property=\"og:image\" content=\"http:\/\/www.elevidesk.com\/wp-content\/uploads\/2025\/09\/blog01.jpg\" \/>\n<meta name=\"twitter:card\" content=\"summary_large_image\" \/>\n<meta name=\"twitter:label1\" content=\"Est. tempo de leitura\" \/>\n\t<meta name=\"twitter:data1\" content=\"1 minuto\" \/>\n<script type=\"application\/ld+json\" class=\"yoast-schema-graph\">{\"@context\":\"https:\/\/schema.org\",\"@graph\":[{\"@type\":\"WebPage\",\"@id\":\"http:\/\/www.elevidesk.com\/pt\/blogs\/\",\"url\":\"http:\/\/www.elevidesk.com\/pt\/blogs\/\",\"name\":\"Blogs - shenghua\",\"isPartOf\":{\"@id\":\"https:\/\/www.elevidesk.com\/pt\/#website\"},\"primaryImageOfPage\":{\"@id\":\"http:\/\/www.elevidesk.com\/pt\/blogs\/#primaryimage\"},\"image\":{\"@id\":\"http:\/\/www.elevidesk.com\/pt\/blogs\/#primaryimage\"},\"thumbnailUrl\":\"http:\/\/www.elevidesk.com\/wp-content\/uploads\/2025\/09\/blog01.jpg\",\"datePublished\":\"2025-08-12T02:56:32+00:00\",\"dateModified\":\"2025-11-07T08:02:52+00:00\",\"breadcrumb\":{\"@id\":\"http:\/\/www.elevidesk.com\/pt\/blogs\/#breadcrumb\"},\"inLanguage\":\"pt-BR\",\"potentialAction\":[{\"@type\":\"ReadAction\",\"target\":[\"http:\/\/www.elevidesk.com\/pt\/blogs\/\"]}]},{\"@type\":\"ImageObject\",\"inLanguage\":\"pt-BR\",\"@id\":\"http:\/\/www.elevidesk.com\/pt\/blogs\/#primaryimage\",\"url\":\"http:\/\/www.elevidesk.com\/wp-content\/uploads\/2025\/09\/blog01.jpg\",\"contentUrl\":\"http:\/\/www.elevidesk.com\/wp-content\/uploads\/2025\/09\/blog01.jpg\"},{\"@type\":\"BreadcrumbList\",\"@id\":\"http:\/\/www.elevidesk.com\/pt\/blogs\/#breadcrumb\",\"itemListElement\":[{\"@type\":\"ListItem\",\"position\":1,\"name\":\"Home\",\"item\":\"https:\/\/www.elevidesk.com\/\"},{\"@type\":\"ListItem\",\"position\":2,\"name\":\"Blogs\"}]},{\"@type\":\"WebSite\",\"@id\":\"https:\/\/www.elevidesk.com\/pt\/#website\",\"url\":\"https:\/\/www.elevidesk.com\/pt\/\",\"name\":\"shenghua\",\"description\":\"\",\"publisher\":{\"@id\":\"https:\/\/www.elevidesk.com\/pt\/#organization\"},\"potentialAction\":[{\"@type\":\"SearchAction\",\"target\":{\"@type\":\"EntryPoint\",\"urlTemplate\":\"https:\/\/www.elevidesk.com\/pt\/?s={search_term_string}\"},\"query-input\":{\"@type\":\"PropertyValueSpecification\",\"valueRequired\":true,\"valueName\":\"search_term_string\"}}],\"inLanguage\":\"pt-BR\"},{\"@type\":\"Organization\",\"@id\":\"https:\/\/www.elevidesk.com\/pt\/#organization\",\"name\":\"shenghua\",\"url\":\"https:\/\/www.elevidesk.com\/pt\/\",\"logo\":{\"@type\":\"ImageObject\",\"inLanguage\":\"pt-BR\",\"@id\":\"https:\/\/www.elevidesk.com\/pt\/#\/schema\/logo\/image\/\",\"url\":\"https:\/\/www.elevidesk.com\/wp-content\/uploads\/2025\/08\/favicon.png\",\"contentUrl\":\"https:\/\/www.elevidesk.com\/wp-content\/uploads\/2025\/08\/favicon.png\",\"width\":512,\"height\":512,\"caption\":\"shenghua\"},\"image\":{\"@id\":\"https:\/\/www.elevidesk.com\/pt\/#\/schema\/logo\/image\/\"}}]}<\/script>\n<!-- \/ Yoast SEO plugin. -->","yoast_head_json":{"title":"Blogs - shenghua","robots":{"index":"index","follow":"follow","max-snippet":"max-snippet:-1","max-image-preview":"max-image-preview:large","max-video-preview":"max-video-preview:-1"},"canonical":"http:\/\/www.elevidesk.com\/pt\/blogs\/","og_locale":"pt_BR","og_type":"article","og_title":"Blogs - shenghua","og_description":"Home Sociis natoque penatibus et magnis dis parturient4 September 28, 2025 Aenean euismod bibendum laoreet Lorem ipsum dolor sit amet, consectetur adipiscing elit. Aenean euismod bibendum laoreet. &#8230; Aenean euismod bibendum laoreet September 16, 2025 Aenean euismod bibendum laoreet Aenean euismod bibendum laoreet Lorem ipsum dolor sit amet, consectetur adipiscing elit. &#8230; Aenean euismod bibendum [&hellip;]","og_url":"http:\/\/www.elevidesk.com\/pt\/blogs\/","og_site_name":"shenghua","article_modified_time":"2025-11-07T08:02:52+00:00","og_image":[{"url":"http:\/\/www.elevidesk.com\/wp-content\/uploads\/2025\/09\/blog01.jpg","type":"","width":"","height":""}],"twitter_card":"summary_large_image","twitter_misc":{"Est. tempo de leitura":"1 minuto"},"schema":{"@context":"https:\/\/schema.org","@graph":[{"@type":"WebPage","@id":"http:\/\/www.elevidesk.com\/pt\/blogs\/","url":"http:\/\/www.elevidesk.com\/pt\/blogs\/","name":"Blogs - shenghua","isPartOf":{"@id":"https:\/\/www.elevidesk.com\/pt\/#website"},"primaryImageOfPage":{"@id":"http:\/\/www.elevidesk.com\/pt\/blogs\/#primaryimage"},"image":{"@id":"http:\/\/www.elevidesk.com\/pt\/blogs\/#primaryimage"},"thumbnailUrl":"http:\/\/www.elevidesk.com\/wp-content\/uploads\/2025\/09\/blog01.jpg","datePublished":"2025-08-12T02:56:32+00:00","dateModified":"2025-11-07T08:02:52+00:00","breadcrumb":{"@id":"http:\/\/www.elevidesk.com\/pt\/blogs\/#breadcrumb"},"inLanguage":"pt-BR","potentialAction":[{"@type":"ReadAction","target":["http:\/\/www.elevidesk.com\/pt\/blogs\/"]}]},{"@type":"ImageObject","inLanguage":"pt-BR","@id":"http:\/\/www.elevidesk.com\/pt\/blogs\/#primaryimage","url":"http:\/\/www.elevidesk.com\/wp-content\/uploads\/2025\/09\/blog01.jpg","contentUrl":"http:\/\/www.elevidesk.com\/wp-content\/uploads\/2025\/09\/blog01.jpg"},{"@type":"BreadcrumbList","@id":"http:\/\/www.elevidesk.com\/pt\/blogs\/#breadcrumb","itemListElement":[{"@type":"ListItem","position":1,"name":"Home","item":"https:\/\/www.elevidesk.com\/"},{"@type":"ListItem","position":2,"name":"Blogs"}]},{"@type":"WebSite","@id":"https:\/\/www.elevidesk.com\/pt\/#website","url":"https:\/\/www.elevidesk.com\/pt\/","name":"shenghua","description":"","publisher":{"@id":"https:\/\/www.elevidesk.com\/pt\/#organization"},"potentialAction":[{"@type":"SearchAction","target":{"@type":"EntryPoint","urlTemplate":"https:\/\/www.elevidesk.com\/pt\/?s={search_term_string}"},"query-input":{"@type":"PropertyValueSpecification","valueRequired":true,"valueName":"search_term_string"}}],"inLanguage":"pt-BR"},{"@type":"Organization","@id":"https:\/\/www.elevidesk.com\/pt\/#organization","name":"shenghua","url":"https:\/\/www.elevidesk.com\/pt\/","logo":{"@type":"ImageObject","inLanguage":"pt-BR","@id":"https:\/\/www.elevidesk.com\/pt\/#\/schema\/logo\/image\/","url":"https:\/\/www.elevidesk.com\/wp-content\/uploads\/2025\/08\/favicon.png","contentUrl":"https:\/\/www.elevidesk.com\/wp-content\/uploads\/2025\/08\/favicon.png","width":512,"height":512,"caption":"shenghua"},"image":{"@id":"https:\/\/www.elevidesk.com\/pt\/#\/schema\/logo\/image\/"}}]}},"_links":{"self":[{"href":"https:\/\/www.elevidesk.com\/pt\/wp-json\/wp\/v2\/pages\/55","targetHints":{"allow":["GET"]}}],"collection":[{"href":"https:\/\/www.elevidesk.com\/pt\/wp-json\/wp\/v2\/pages"}],"about":[{"href":"https:\/\/www.elevidesk.com\/pt\/wp-json\/wp\/v2\/types\/page"}],"author":[{"embeddable":true,"href":"https:\/\/www.elevidesk.com\/pt\/wp-json\/wp\/v2\/users\/4"}],"replies":[{"embeddable":true,"href":"https:\/\/www.elevidesk.com\/pt\/wp-json\/wp\/v2\/comments?post=55"}],"version-history":[{"count":0,"href":"https:\/\/www.elevidesk.com\/pt\/wp-json\/wp\/v2\/pages\/55\/revisions"}],"wp:attachment":[{"href":"https:\/\/www.elevidesk.com\/pt\/wp-json\/wp\/v2\/media?parent=55"}],"curies":[{"name":"wp","href":"https:\/\/api.w.org\/{rel}","templated":true}]}}